{"id":6781,"date":"2024-10-09T10:49:12","date_gmt":"2024-10-09T08:49:12","guid":{"rendered":"https:\/\/musees-valais-dev.ch\/angebote-fuer-alle-besuchenden\/"},"modified":"2025-03-14T10:15:10","modified_gmt":"2025-03-14T09:15:10","slug":"angebote-fuer-alle-besuchenden","status":"publish","type":"page","link":"https:\/\/musees-valais-dev.ch\/de\/angebote-fuer-alle-besuchenden\/","title":{"rendered":"Angebote f\u00fcr alle Besuchenden"},"content":{"rendered":"<p>[et_pb_section fb_built=&#8221;1&#8243; _builder_version=&#8221;4.27.2&#8243; _module_preset=&#8221;default&#8221; background_enable_color=&#8221;off&#8221; global_colors_info=&#8221;{}&#8221;][et_pb_row _builder_version=&#8221;4.27.0&#8243; _module_preset=&#8221;default&#8221; global_colors_info=&#8221;{}&#8221;][et_pb_column type=&#8221;4_4&#8243; _builder_version=&#8221;4.27.0&#8243; _module_preset=&#8221;default&#8221; global_colors_info=&#8221;{}&#8221;][et_pb_text _builder_version=&#8221;4.27.4&#8243; _module_preset=&#8221;default&#8221; header_text_color=&#8221;#000000&#8243; global_colors_info=&#8221;{}&#8221;]<\/p>\n<h1>Besuche f\u00fcr alle<\/h1>\n<p>[\/et_pb_text][\/et_pb_column][\/et_pb_row][\/et_pb_section][et_pb_section fb_built=&#8221;1&#8243; _builder_version=&#8221;4.27.4&#8243; _module_preset=&#8221;default&#8221; global_colors_info=&#8221;{}&#8221;][et_pb_row column_structure=&#8221;1_3,1_3,1_3&#8243; use_custom_gutter=&#8221;on&#8221; _builder_version=&#8221;4.27.2&#8243; _module_preset=&#8221;default&#8221; global_colors_info=&#8221;{}&#8221;][et_pb_column type=&#8221;1_3&#8243; _builder_version=&#8221;4.27.2&#8243; _module_preset=&#8221;default&#8221; global_colors_info=&#8221;{}&#8221;][et_pb_de_mach_filter_posts search_button_text=&#8221;Suchen&#8221; button_sidebyside=&#8221;on&#8221; reset_text=&#8221;Alle Besuche&#8221; show_reset_on_update=&#8221;on&#8221; _builder_version=&#8221;4.27.4&#8243; _module_preset=&#8221;default&#8221; form_field_background_color=&#8221;RGBA(255,255,255,0)&#8221; form_field_text_color=&#8221;#000000&#8243; form_field_focus_background_color=&#8221;RGBA(255,255,255,0)&#8221; form_field_focus_text_color=&#8221;#000000&#8243; filter_headings_text_color=&#8221;#000000&#8243; filter_headings_font_size=&#8221;18px&#8221; form_field_font_size=&#8221;18px&#8221; custom_search_button=&#8221;on&#8221; search_button_text_color=&#8221;#000000&#8243; search_button_border_width=&#8221;1px&#8221; search_button_border_color=&#8221;#000000&#8243; search_button_border_radius=&#8221;50px&#8221; search_button_font=&#8221;Inter||||||||&#8221; search_button_use_icon=&#8221;off&#8221; custom_reset_filter=&#8221;on&#8221; reset_filter_bg_color=&#8221;#FFFFFF&#8221; reset_filter_border_width=&#8221;1px&#8221; reset_filter_border_color=&#8221;#D44224&#8243; reset_filter_border_radius=&#8221;50px&#8221; reset_filter_font=&#8221;Inter||||||||&#8221; reset_filter_use_icon=&#8221;off&#8221; reset_filter_custom_padding=&#8221;||||false|false&#8221; border_color_all=&#8221;#000000&#8243; global_colors_info=&#8221;{}&#8221;][et_pb_de_mach_search_posts_item title=&#8221;Angebote f\u00fcr alle Besuchenden&#8221; filter_post_type=&#8221;acf&#8221; post_type_choose=&#8221;offre-tout-public&#8221; acf_name=&#8221;field_67161a40922f5&#8243; show_label=&#8221;off&#8221; field_id=&#8221;Field_1&#8243; select_placeholder=&#8221;Einen Besuch ausw\u00e4hlen&#8221; _builder_version=&#8221;4.27.4&#8243; _module_preset=&#8221;default&#8221; global_colors_info=&#8221;{}&#8221;][\/et_pb_de_mach_search_posts_item][\/et_pb_de_mach_filter_posts][\/et_pb_column][et_pb_column type=&#8221;1_3&#8243; _builder_version=&#8221;4.27.2&#8243; _module_preset=&#8221;default&#8221; global_colors_info=&#8221;{}&#8221;][\/et_pb_column][et_pb_column type=&#8221;1_3&#8243; _builder_version=&#8221;4.27.2&#8243; _module_preset=&#8221;default&#8221; global_colors_info=&#8221;{}&#8221;][\/et_pb_column][\/et_pb_row][et_pb_row _builder_version=&#8221;4.27.4&#8243; _module_preset=&#8221;default&#8221; width=&#8221;93%&#8221; width_tablet=&#8221;95%&#8221; width_phone=&#8221;98%&#8221; width_last_edited=&#8221;on|phone&#8221; custom_padding=&#8221;0px||||false|false&#8221; global_colors_info=&#8221;{}&#8221;][et_pb_column type=&#8221;4_4&#8243; _builder_version=&#8221;4.27.2&#8243; _module_preset=&#8221;default&#8221; global_colors_info=&#8221;{}&#8221;][et_pb_de_mach_archive_loop post_type_choose=&#8221;offre-tout-public&#8221; loop_layout=&#8221;6745&#8243; no_posts_layout_text=&#8221;D\u00e9sol\u00e9, il n&#8217;y a rien dans cette cat\u00e9gorie&#8221; order_asc_desc=&#8221;DESC&#8221; sec_order_asc_desc=&#8221;DESC&#8221; enable_loadmore=&#8221;infinite&#8221; equal_height=&#8221;on&#8221; columns=&#8221;3&#8243; date_format=&#8221;j F Y&#8221; module_class=&#8221;blog-image-1-1&#8243; _builder_version=&#8221;4.27.4&#8243; _module_preset=&#8221;default&#8221; global_colors_info=&#8221;{}&#8221;][\/et_pb_de_mach_archive_loop][\/et_pb_column][\/et_pb_row][\/et_pb_section]<\/p>\n","protected":false},"excerpt":{"rendered":"<p>Besuche f\u00fcr alle<\/p>\n","protected":false},"author":2,"featured_media":0,"parent":0,"menu_order":0,"comment_status":"closed","ping_status":"closed","template":"","meta":{"_acf_changed":false,"_et_pb_use_builder":"on","_et_pb_old_content":"","_et_gb_content_width":"","_crsspst_to_histoiremusees-valais-devch":false,"_crsspst_to_artmusees-valais-devch":false,"_crsspst_to_naturemusees-valais-devch":false,"footnotes":""},"class_list":["post-6781","page","type-page","status-publish","hentry"],"acf":[],"_links":{"self":[{"href":"https:\/\/musees-valais-dev.ch\/de\/wp-json\/wp\/v2\/pages\/6781","targetHints":{"allow":["GET"]}}],"collection":[{"href":"https:\/\/musees-valais-dev.ch\/de\/wp-json\/wp\/v2\/pages"}],"about":[{"href":"https:\/\/musees-valais-dev.ch\/de\/wp-json\/wp\/v2\/types\/page"}],"author":[{"embeddable":true,"href":"https:\/\/musees-valais-dev.ch\/de\/wp-json\/wp\/v2\/users\/2"}],"replies":[{"embeddable":true,"href":"https:\/\/musees-valais-dev.ch\/de\/wp-json\/wp\/v2\/comments?post=6781"}],"version-history":[{"count":5,"href":"https:\/\/musees-valais-dev.ch\/de\/wp-json\/wp\/v2\/pages\/6781\/revisions"}],"predecessor-version":[{"id":7169,"href":"https:\/\/musees-valais-dev.ch\/de\/wp-json\/wp\/v2\/pages\/6781\/revisions\/7169"}],"wp:attachment":[{"href":"https:\/\/musees-valais-dev.ch\/de\/wp-json\/wp\/v2\/media?parent=6781"}],"curies":[{"name":"wp","href":"https:\/\/api.w.org\/{rel}","templated":true}]}}