{"id":6626,"date":"2024-04-04T11:45:57","date_gmt":"2024-04-04T09:45:57","guid":{"rendered":"https:\/\/musees-valais-dev.ch\/unsere-fuehrungen\/"},"modified":"2025-03-14T12:18:34","modified_gmt":"2025-03-14T11:18:34","slug":"unsere-fuehrungen","status":"publish","type":"page","link":"https:\/\/musees-valais-dev.ch\/de\/unsere-fuehrungen\/","title":{"rendered":"Unsere F\u00fchrungen"},"content":{"rendered":"<p>[et_pb_section fb_built=&#8221;1&#8243; _builder_version=&#8221;4.27.2&#8243; _module_preset=&#8221;default&#8221; background_enable_color=&#8221;off&#8221; global_colors_info=&#8221;{}&#8221;][et_pb_row _builder_version=&#8221;4.22.1&#8243; _module_preset=&#8221;default&#8221; global_colors_info=&#8221;{}&#8221;][et_pb_column type=&#8221;4_4&#8243; _builder_version=&#8221;4.22.1&#8243; _module_preset=&#8221;default&#8221; global_colors_info=&#8221;{}&#8221;][et_pb_text _builder_version=&#8221;4.27.4&#8243; _module_preset=&#8221;default&#8221; header_text_color=&#8221;#000000&#8243; header_2_text_color=&#8221;#D44224&#8243; global_colors_info=&#8221;{}&#8221;]<\/p>\n<h1>F\u00fchrungen und Aktivit\u00e4ten<\/h1>\n<p>[\/et_pb_text][\/et_pb_column][\/et_pb_row][\/et_pb_section][et_pb_section fb_built=&#8221;1&#8243; module_id=&#8221;toutpublic&#8221; _builder_version=&#8221;4.27.4&#8243; _module_preset=&#8221;default&#8221; global_colors_info=&#8221;{}&#8221;][et_pb_row column_structure=&#8221;1_3,2_3&#8243; _builder_version=&#8221;4.24.2&#8243; _module_preset=&#8221;default&#8221; custom_padding=&#8221;36px|||||&#8221; global_colors_info=&#8221;{}&#8221;][et_pb_column type=&#8221;1_3&#8243; _builder_version=&#8221;4.24.2&#8243; _module_preset=&#8221;default&#8221; global_colors_info=&#8221;{}&#8221;][et_pb_text _builder_version=&#8221;4.27.4&#8243; _module_preset=&#8221;default&#8221; global_colors_info=&#8221;{}&#8221;]<\/p>\n<h2>F\u00fcr alle Besuchenden<\/h2>\n<p>[\/et_pb_text][\/et_pb_column][et_pb_column type=&#8221;2_3&#8243; _builder_version=&#8221;4.24.2&#8243; _module_preset=&#8221;default&#8221; global_colors_info=&#8221;{}&#8221;][et_pb_text disabled_on=&#8221;off|off|off&#8221; _builder_version=&#8221;4.27.4&#8243; _module_preset=&#8221;default&#8221; global_colors_info=&#8221;{}&#8221;]<\/p>\n<h3>Freie Besuche<\/h3>\n<p>Lassen Sie sich auf einem Rundgang ganz nach Ihrem eigenen Rhythmus durch die Walliser Kantonsmuseen leiten. Entdecken Sie die R\u00e4ume und Sammlungen mit abwechslungsreichem Begleitmaterial.<\/p>\n<p>[\/et_pb_text][et_pb_button button_url=&#8221;https:\/\/musees-valais-dev.ch\/de\/angebote-fuer-alle-besuchenden\/?filter=true&#038;tout_public=Visites%20libres&#8221; button_text=&#8221;Alle Besuchsangebote ansehen&#8221; button_alignment=&#8221;left&#8221; _builder_version=&#8221;4.27.4&#8243; _module_preset=&#8221;21015a50-e227-44d8-9129-cb4c19b9210b&#8221; button_border_width=&#8221;1px&#8221; hover_enabled=&#8221;0&#8243; global_colors_info=&#8221;{}&#8221; sticky_enabled=&#8221;0&#8243;][\/et_pb_button][et_pb_text disabled_on=&#8221;off|off|off&#8221; _builder_version=&#8221;4.27.4&#8243; _module_preset=&#8221;default&#8221; global_colors_info=&#8221;{}&#8221;]<\/p>\n<h3>F\u00fchrungen<\/h3>\n<p>Sie k\u00f6nnen das Kunstmuseum Wallis, das Geschichtsmuseum Wallis und das Naturmuseum Wallis in Begleitung einer Moderatorin oder eines Moderators besuchen. Denken Sie daran, die F\u00fchrung mindestens zwei Wochen im Voraus zu buchen. So k\u00f6nnen Sie die Museen einmal anders erleben.<\/p>\n<p>[\/et_pb_text][et_pb_button button_url=&#8221;https:\/\/musees-valais-dev.ch\/de\/angebote-fuer-alle-besuchenden\/?filter=true&#038;tout_public=Visites%20guid\u00e9es&#8221; button_text=&#8221;Alle Besuchsangebote ansehen&#8221; button_alignment=&#8221;left&#8221; _builder_version=&#8221;4.27.4&#8243; _module_preset=&#8221;21015a50-e227-44d8-9129-cb4c19b9210b&#8221; button_border_width=&#8221;1px&#8221; hover_enabled=&#8221;0&#8243; global_colors_info=&#8221;{}&#8221; sticky_enabled=&#8221;0&#8243;][\/et_pb_button][et_pb_text disabled_on=&#8221;on|on|on&#8221; _builder_version=&#8221;4.27.4&#8243; _module_preset=&#8221;default&#8221; disabled=&#8221;on&#8221; global_colors_info=&#8221;{}&#8221;]<\/p>\n<h3>Workshops f\u00fcr Erwachsene<\/h3>\n<p>[\/et_pb_text][et_pb_text disabled_on=&#8221;off|off|off&#8221; _builder_version=&#8221;4.27.4&#8243; _module_preset=&#8221;default&#8221; global_colors_info=&#8221;{}&#8221;]<\/p>\n<h3>Barrierefreiheit<\/h3>\n<p><strong>Behinderung und besondere Bed\u00fcrfnisse<\/strong><\/p>\n<p>Jedes Museum bietet spezielle Angebote f\u00fcr Menschen mit besonderen Bed\u00fcrfnissen. <\/p>\n<p>[\/et_pb_text][et_pb_button button_url=&#8221;https:\/\/musees-valais-dev.ch\/de\/angebote-fuer-alle-besuchenden\/?filter=true&#038;tout_public=Visites%20inclusives&#8221; button_text=&#8221;Alle Besuchsangebote ansehen&#8221; button_alignment=&#8221;left&#8221; _builder_version=&#8221;4.27.4&#8243; _module_preset=&#8221;21015a50-e227-44d8-9129-cb4c19b9210b&#8221; button_border_width=&#8221;1px&#8221; hover_enabled=&#8221;0&#8243; global_colors_info=&#8221;{}&#8221; sticky_enabled=&#8221;0&#8243;][\/et_pb_button][\/et_pb_column][\/et_pb_row][et_pb_row disabled_on=&#8221;on|on|on&#8221; _builder_version=&#8221;4.27.2&#8243; _module_preset=&#8221;default&#8221; disabled=&#8221;on&#8221; global_colors_info=&#8221;{}&#8221;][et_pb_column type=&#8221;4_4&#8243; _builder_version=&#8221;4.27.0&#8243; _module_preset=&#8221;default&#8221; global_colors_info=&#8221;{}&#8221;][et_pb_button button_url=&#8221;https:\/\/musees-valais-dev.ch\/offres-tout-public\/&#8221; button_text=&#8221;Alle Besuchsangebote ansehen.&#8221; button_alignment=&#8221;center&#8221; _builder_version=&#8221;4.27.2&#8243; _module_preset=&#8221;83e33330-b824-49e9-8859-cdad6cf2a092&#8243; button_border_width=&#8221;1px&#8221; global_colors_info=&#8221;{}&#8221;][\/et_pb_button][\/et_pb_column][\/et_pb_row][\/et_pb_section][et_pb_section fb_built=&#8221;1&#8243; module_id=&#8221;jeunepublic&#8221; _builder_version=&#8221;4.27.4&#8243; _module_preset=&#8221;default&#8221; background_color=&#8221;#EDEDED&#8221; global_colors_info=&#8221;{}&#8221;][et_pb_row column_structure=&#8221;1_3,2_3&#8243; _builder_version=&#8221;4.24.2&#8243; _module_preset=&#8221;default&#8221; global_colors_info=&#8221;{}&#8221;][et_pb_column type=&#8221;1_3&#8243; _builder_version=&#8221;4.24.2&#8243; _module_preset=&#8221;default&#8221; global_colors_info=&#8221;{}&#8221;][et_pb_text _builder_version=&#8221;4.27.4&#8243; _module_preset=&#8221;default&#8221; header_3_text_color=&#8221;#000000&#8243; global_colors_info=&#8221;{}&#8221;]<\/p>\n<h2>Junges Publikum<\/h2>\n<p>[\/et_pb_text][\/et_pb_column][et_pb_column type=&#8221;2_3&#8243; _builder_version=&#8221;4.24.2&#8243; _module_preset=&#8221;default&#8221; global_colors_info=&#8221;{}&#8221;][et_pb_text _builder_version=&#8221;4.27.4&#8243; _module_preset=&#8221;default&#8221; header_4_text_color=&#8221;#000000&#8243; global_colors_info=&#8221;{}&#8221;]<\/p>\n<h3>Freie Besuche<\/h3>\n<p>Audioguides, Spiele und interaktive Stationen sowie vieles mehr stehen unserem j\u00fcngsten Publikum f\u00fcr einen selbst\u00e4ndigen Museumsbesuch zur Verf\u00fcgung.<\/p>\n<p>[\/et_pb_text][et_pb_button button_url=&#8221;https:\/\/musees-valais-dev.ch\/de\/angebote-fuer-junges-publikum\/?filter=true&#038;jeune_public=Visites%20libres&#8221; button_text=&#8221;Alle Besuchsangebote ansehen&#8221; button_alignment=&#8221;left&#8221; _builder_version=&#8221;4.27.4&#8243; _module_preset=&#8221;21015a50-e227-44d8-9129-cb4c19b9210b&#8221; hover_enabled=&#8221;0&#8243; global_colors_info=&#8221;{}&#8221; sticky_enabled=&#8221;0&#8243;][\/et_pb_button][et_pb_text disabled_on=&#8221;on|on|on&#8221; _builder_version=&#8221;4.27.4&#8243; _module_preset=&#8221;default&#8221; text_text_color=&#8221;#FFFFFF&#8221; header_4_text_color=&#8221;#000000&#8243; disabled=&#8221;on&#8221; global_colors_info=&#8221;{}&#8221;]<\/p>\n<h3>Erlebnisprogramm f\u00fcr Kinder<\/h3>\n<p>[\/et_pb_text][et_pb_text _builder_version=&#8221;4.27.4&#8243; _module_preset=&#8221;default&#8221; text_text_color=&#8221;#000000&#8243; header_4_text_color=&#8221;#000000&#8243; global_colors_info=&#8221;{}&#8221;]<\/p>\n<h3>Familienbesuch<\/h3>\n<p>Damit der Museumsbesuch f\u00fcr die ganze Familie zu einem gemeinsamen Erlebnis wird, gibt es eine Vielzahl an speziellen Angeboten: spielerisches Begleitmaterial, kreative Aktivit\u00e4ten, Audioguides, ja sogar Jasskarten. W\u00e4hlen Sie einfach, worauf Sie Lust haben!<\/p>\n<p>[\/et_pb_text][et_pb_button button_url=&#8221;https:\/\/musees-valais-dev.ch\/de\/angebote-fuer-junges-publikum\/?filter=true&#038;jeune_public=Visites%20en%20famille&#8221; button_text=&#8221;Alle Besuchsangebote ansehen&#8221; button_alignment=&#8221;left&#8221; _builder_version=&#8221;4.27.4&#8243; _module_preset=&#8221;21015a50-e227-44d8-9129-cb4c19b9210b&#8221; hover_enabled=&#8221;0&#8243; global_colors_info=&#8221;{}&#8221; sticky_enabled=&#8221;0&#8243;][\/et_pb_button][et_pb_text disabled_on=&#8221;on|on|on&#8221; _builder_version=&#8221;4.27.4&#8243; _module_preset=&#8221;default&#8221; text_text_color=&#8221;#000000&#8243; header_4_text_color=&#8221;#000000&#8243; disabled=&#8221;on&#8221; global_colors_info=&#8221;{}&#8221;]<\/p>\n<h3>Mein Geburtstag im Museum<\/h3>\n<p>Magst du R\u00e4tsel? M\u00f6chtest du mit deinen Freunden und Freundinnen ein originelles Abenteuer erleben? Wie w\u00e4r\u2019s, wenn du deinen Geburtstag in einem der Walliser Kantonsmuseen feiern w\u00fcrdest?<\/p>\n<p>[\/et_pb_text][et_pb_button button_url=&#8221;https:\/\/musees-valais-dev.ch\/de\/angebote-fuer-junges-publikum\/?filter=true&#038;jeune_public=Anniversaire&#8221; button_text=&#8221;Alle Geburtstagsangebote ansehen&#8221; disabled_on=&#8221;on|on|on&#8221; _builder_version=&#8221;4.27.4&#8243; _module_preset=&#8221;21015a50-e227-44d8-9129-cb4c19b9210b&#8221; disabled=&#8221;on&#8221; global_colors_info=&#8221;{}&#8221;][\/et_pb_button][\/et_pb_column][\/et_pb_row][\/et_pb_section][et_pb_section fb_built=&#8221;1&#8243; module_id=&#8221;ecoles&#8221; _builder_version=&#8221;4.27.4&#8243; _module_preset=&#8221;default&#8221; global_colors_info=&#8221;{}&#8221;][et_pb_row column_structure=&#8221;1_3,2_3&#8243; _builder_version=&#8221;4.24.2&#8243; _module_preset=&#8221;default&#8221; global_colors_info=&#8221;{}&#8221;][et_pb_column type=&#8221;1_3&#8243; _builder_version=&#8221;4.24.2&#8243; _module_preset=&#8221;default&#8221; global_colors_info=&#8221;{}&#8221;][et_pb_text _builder_version=&#8221;4.27.4&#8243; _module_preset=&#8221;default&#8221; global_colors_info=&#8221;{}&#8221;]<\/p>\n<h2>Schulen<\/h2>\n<p>[\/et_pb_text][\/et_pb_column][et_pb_column type=&#8221;2_3&#8243; _builder_version=&#8221;4.24.2&#8243; _module_preset=&#8221;default&#8221; global_colors_info=&#8221;{}&#8221;][et_pb_text _builder_version=&#8221;4.27.4&#8243; _module_preset=&#8221;default&#8221; global_colors_info=&#8221;{}&#8221;]<\/p>\n<h3>Freie Besuche<\/h3>\n<p>Schulklassen k\u00f6nnen die Museen selbst\u00e4ndig besuchen. Der Eintritt f\u00fcr Schulgruppen (\u00f6ffentliche Walliser Schulen der Primar- und Sekundarstufe I und II) in Begleitung ihrer Lehrpersonen ist kostenlos.<br \/><strong>Bitte k\u00fcndigen Sie ihren Besuch mindestens 48 Stunden vorher an: <a href=\"mailto:sc-museesmediation@admin.vs.ch\">sc-museesmediation@admin.vs.ch<\/a><\/strong><\/p>\n<p>[\/et_pb_text][et_pb_text disabled_on=&#8221;on|on|on&#8221; _builder_version=&#8221;4.27.4&#8243; _module_preset=&#8221;default&#8221; disabled=&#8221;on&#8221; global_colors_info=&#8221;{}&#8221;]<\/p>\n<h4>Kulturtage f\u00fcr die Orientierungsschulen<\/h4>\n<p>Seit 2024 organisieren die Walliser Kantonsmuseen speziell auf die Orientierungsschulen zugeschnittene Kulturtage. Dabei k\u00f6nnen mehrere Schulklassen gleichzeitig die Ausstellungen besuchen. Im Beisein von Kunstschaffenden sowie Moderatorinnen und Moderatoren erleben die Jugendlichen einen privilegierten Museumsbesuch in Kleingruppen und nehmen w\u00e4hrend des ganzen Tages an verschiedenen Aktivit\u00e4ten wie F\u00fchrungen, Workshops, Vorf\u00fchrungen und Performances teil.<\/p>\n<p>Schuljahr 2024-2025<\/p>\n<p>Fr\u00fchling: Daten in Vorbereitung<\/p>\n<p>[\/et_pb_text][et_pb_text _builder_version=&#8221;4.27.4&#8243; _module_preset=&#8221;default&#8221; global_colors_info=&#8221;{}&#8221;]<\/p>\n<h3>F\u00fchrungen<\/h3>\n<p>F\u00fcr Schulgruppen gibt es ein spezielles, auf den Lehrplan abgestimmtes Programm, das es erm\u00f6glicht, die Walliser Kantonsmuseen spielerisch und interaktiv zu besichtigen. <\/p>\n<p>[\/et_pb_text][et_pb_button button_url=&#8221;https:\/\/musees-valais-dev.ch\/de\/angebote-schulen\/&#8221; button_text=&#8221;Alle Besuchsangebote ansehen&#8221; _builder_version=&#8221;4.27.4&#8243; _module_preset=&#8221;21015a50-e227-44d8-9129-cb4c19b9210b&#8221; hover_enabled=&#8221;0&#8243; global_colors_info=&#8221;{}&#8221; sticky_enabled=&#8221;0&#8243;][\/et_pb_button][\/et_pb_column][\/et_pb_row][\/et_pb_section]<\/p>\n","protected":false},"excerpt":{"rendered":"<p>F\u00fchrungen und Aktivit\u00e4tenF\u00fcr alle BesuchendenFreie Besuche Lassen Sie sich auf einem Rundgang ganz nach Ihrem eigenen Rhythmus durch die Walliser Kantonsmuseen leiten. Entdecken Sie die R\u00e4ume und Sammlungen mit abwechslungsreichem Begleitmaterial.F\u00fchrungen Sie k\u00f6nnen das Kunstmuseum Wallis, das Geschichtsmuseum Wallis und das Naturmuseum Wallis in Begleitung einer Moderatorin oder eines Moderators besuchen. Denken Sie daran, die [&hellip;]<\/p>\n","protected":false},"author":2,"featured_media":0,"parent":0,"menu_order":0,"comment_status":"closed","ping_status":"closed","template":"","meta":{"_acf_changed":false,"_et_pb_use_builder":"on","_et_pb_old_content":"","_et_gb_content_width":"","_crsspst_to_histoiremusees-valais-devch":false,"_crsspst_to_artmusees-valais-devch":false,"_crsspst_to_naturemusees-valais-devch":false,"footnotes":""},"class_list":["post-6626","page","type-page","status-publish","hentry"],"acf":[],"_links":{"self":[{"href":"https:\/\/musees-valais-dev.ch\/de\/wp-json\/wp\/v2\/pages\/6626","targetHints":{"allow":["GET"]}}],"collection":[{"href":"https:\/\/musees-valais-dev.ch\/de\/wp-json\/wp\/v2\/pages"}],"about":[{"href":"https:\/\/musees-valais-dev.ch\/de\/wp-json\/wp\/v2\/types\/page"}],"author":[{"embeddable":true,"href":"https:\/\/musees-valais-dev.ch\/de\/wp-json\/wp\/v2\/users\/2"}],"replies":[{"embeddable":true,"href":"https:\/\/musees-valais-dev.ch\/de\/wp-json\/wp\/v2\/comments?post=6626"}],"version-history":[{"count":5,"href":"https:\/\/musees-valais-dev.ch\/de\/wp-json\/wp\/v2\/pages\/6626\/revisions"}],"predecessor-version":[{"id":7180,"href":"https:\/\/musees-valais-dev.ch\/de\/wp-json\/wp\/v2\/pages\/6626\/revisions\/7180"}],"wp:attachment":[{"href":"https:\/\/musees-valais-dev.ch\/de\/wp-json\/wp\/v2\/media?parent=6626"}],"curies":[{"name":"wp","href":"https:\/\/api.w.org\/{rel}","templated":true}]}}