{"id":6617,"date":"2024-11-08T13:25:19","date_gmt":"2024-11-08T12:25:19","guid":{"rendered":"https:\/\/musees-valais-dev.ch\/angebote-schulen\/"},"modified":"2025-03-14T08:41:45","modified_gmt":"2025-03-14T07:41:45","slug":"angebote-schulen","status":"publish","type":"page","link":"https:\/\/musees-valais-dev.ch\/de\/angebote-schulen\/","title":{"rendered":"Angebote Schulen"},"content":{"rendered":"<p>[et_pb_section fb_built=&#8221;1&#8243; _builder_version=&#8221;4.27.2&#8243; _module_preset=&#8221;default&#8221; background_enable_color=&#8221;off&#8221; global_colors_info=&#8221;{}&#8221;][et_pb_row _builder_version=&#8221;4.27.0&#8243; _module_preset=&#8221;default&#8221; global_colors_info=&#8221;{}&#8221;][et_pb_column type=&#8221;4_4&#8243; _builder_version=&#8221;4.27.0&#8243; _module_preset=&#8221;default&#8221; global_colors_info=&#8221;{}&#8221;][et_pb_text _builder_version=&#8221;4.27.4&#8243; _module_preset=&#8221;default&#8221; header_text_color=&#8221;#000000&#8243; global_colors_info=&#8221;{}&#8221;]<\/p>\n<h1>Schulbesuche<\/h1>\n<p>[\/et_pb_text][\/et_pb_column][\/et_pb_row][\/et_pb_section][et_pb_section fb_built=&#8221;1&#8243; _builder_version=&#8221;4.27.4&#8243; _module_preset=&#8221;default&#8221; global_colors_info=&#8221;{}&#8221;][et_pb_row column_structure=&#8221;1_2,1_2&#8243; _builder_version=&#8221;4.27.2&#8243; _module_preset=&#8221;default&#8221; global_colors_info=&#8221;{}&#8221;][et_pb_column type=&#8221;1_2&#8243; _builder_version=&#8221;4.27.2&#8243; _module_preset=&#8221;default&#8221; global_colors_info=&#8221;{}&#8221;][et_pb_de_mach_filter_posts search_button_text=&#8221;Suchen&#8221; button_sidebyside=&#8221;on&#8221; reset_text=&#8221;Alle Besuche&#8221; show_reset_on_update=&#8221;on&#8221; _builder_version=&#8221;4.27.4&#8243; _module_preset=&#8221;default&#8221; form_field_background_color=&#8221;RGBA(255,255,255,0)&#8221; form_field_text_color=&#8221;#000000&#8243; form_field_focus_text_color=&#8221;#000000&#8243; form_field_font_size=&#8221;18px&#8221; custom_search_button=&#8221;on&#8221; search_button_text_color=&#8221;#000000&#8243; search_button_bg_color=&#8221;#FFFFFF&#8221; search_button_border_width=&#8221;1px&#8221; search_button_border_color=&#8221;#000000&#8243; search_button_border_radius=&#8221;50px&#8221; search_button_font=&#8221;Inter||||||||&#8221; search_button_use_icon=&#8221;off&#8221; custom_reset_filter=&#8221;on&#8221; reset_filter_text_color=&#8221;#D44224&#8243; reset_filter_bg_color=&#8221;#FFFFFF&#8221; reset_filter_border_width=&#8221;1px&#8221; reset_filter_border_color=&#8221;#D44224&#8243; reset_filter_border_radius=&#8221;50px&#8221; reset_filter_use_icon=&#8221;off&#8221; custom_css_free_form=&#8221;.et_pb_de_mach_search_posts_item_0 {||  margin-bottom:0px !important;||}&#8221; global_colors_info=&#8221;{}&#8221; reset_filter_border_width__hover_enabled=&#8221;on|desktop&#8221; reset_filter_border_width__hover=&#8221;1px&#8221;][et_pb_de_mach_search_posts_item title=&#8221;Klassen&#8221; filter_post_type=&#8221;acf&#8221; post_type_choose=&#8221;offre-ecoles&#8221; acf_name=&#8221;field_672ca05a3936b&#8221; show_label=&#8221;off&#8221; acf_filter_width=&#8221;et_pb_column_1_2&#8243; field_id=&#8221;Field_2&#8243; select_placeholder=&#8221;W\u00e4hlen Sie Ihre Schulklasse&#8221; filter_item_margin=&#8221;||0px||false|false&#8221; _builder_version=&#8221;4.27.4&#8243; _module_preset=&#8221;default&#8221; global_colors_info=&#8221;{}&#8221;][\/et_pb_de_mach_search_posts_item][et_pb_de_mach_search_posts_item title=&#8221;Museum&#8221; filter_post_type=&#8221;acf&#8221; post_type_choose=&#8221;offre-ecoles&#8221; acf_name=&#8221;field_679b7717bca45&#8243; show_label=&#8221;off&#8221; acf_filter_width=&#8221;et_pb_column_1_2&#8243; field_id=&#8221;Field_2_2&#8243; select_placeholder=&#8221;Museum ausw\u00e4hlen&#8221; _builder_version=&#8221;4.27.4&#8243; _module_preset=&#8221;default&#8221; global_colors_info=&#8221;{}&#8221;][\/et_pb_de_mach_search_posts_item][\/et_pb_de_mach_filter_posts][\/et_pb_column][et_pb_column type=&#8221;1_2&#8243; _builder_version=&#8221;4.27.2&#8243; _module_preset=&#8221;default&#8221; global_colors_info=&#8221;{}&#8221;][\/et_pb_column][\/et_pb_row][et_pb_row _builder_version=&#8221;4.27.4&#8243; _module_preset=&#8221;default&#8221; width=&#8221;93%&#8221; width_tablet=&#8221;95%&#8221; width_phone=&#8221;98%&#8221; width_last_edited=&#8221;on|phone&#8221; custom_padding=&#8221;0px||||false|false&#8221; global_colors_info=&#8221;{}&#8221;][et_pb_column type=&#8221;4_4&#8243; _builder_version=&#8221;4.27.2&#8243; _module_preset=&#8221;default&#8221; global_colors_info=&#8221;{}&#8221;][et_pb_de_mach_archive_loop post_type_choose=&#8221;offre-ecoles&#8221; loop_layout=&#8221;6675&#8243; no_posts_layout_text=&#8221;D\u00e9sol\u00e9, il n&#8217;y a rien dans cette cat\u00e9gorie&#8221; order_asc_desc=&#8221;DESC&#8221; sec_order_asc_desc=&#8221;DESC&#8221; enable_loadmore=&#8221;infinite&#8221; equal_height=&#8221;on&#8221; columns=&#8221;3&#8243; date_format=&#8221;j F Y&#8221; module_class=&#8221;blog-image-1-1&#8243; _builder_version=&#8221;4.27.4&#8243; _module_preset=&#8221;default&#8221; global_colors_info=&#8221;{}&#8221;][\/et_pb_de_mach_archive_loop][\/et_pb_column][\/et_pb_row][\/et_pb_section]<\/p>\n","protected":false},"excerpt":{"rendered":"<p>Schulbesuche<\/p>\n","protected":false},"author":2,"featured_media":0,"parent":0,"menu_order":0,"comment_status":"closed","ping_status":"closed","template":"","meta":{"_acf_changed":false,"_et_pb_use_builder":"on","_et_pb_old_content":"","_et_gb_content_width":"","_crsspst_to_histoiremusees-valais-devch":false,"_crsspst_to_artmusees-valais-devch":false,"_crsspst_to_naturemusees-valais-devch":false,"footnotes":""},"class_list":["post-6617","page","type-page","status-publish","hentry"],"acf":[],"_links":{"self":[{"href":"https:\/\/musees-valais-dev.ch\/de\/wp-json\/wp\/v2\/pages\/6617","targetHints":{"allow":["GET"]}}],"collection":[{"href":"https:\/\/musees-valais-dev.ch\/de\/wp-json\/wp\/v2\/pages"}],"about":[{"href":"https:\/\/musees-valais-dev.ch\/de\/wp-json\/wp\/v2\/types\/page"}],"author":[{"embeddable":true,"href":"https:\/\/musees-valais-dev.ch\/de\/wp-json\/wp\/v2\/users\/2"}],"replies":[{"embeddable":true,"href":"https:\/\/musees-valais-dev.ch\/de\/wp-json\/wp\/v2\/comments?post=6617"}],"version-history":[{"count":5,"href":"https:\/\/musees-valais-dev.ch\/de\/wp-json\/wp\/v2\/pages\/6617\/revisions"}],"predecessor-version":[{"id":7142,"href":"https:\/\/musees-valais-dev.ch\/de\/wp-json\/wp\/v2\/pages\/6617\/revisions\/7142"}],"wp:attachment":[{"href":"https:\/\/musees-valais-dev.ch\/de\/wp-json\/wp\/v2\/media?parent=6617"}],"curies":[{"name":"wp","href":"https:\/\/api.w.org\/{rel}","templated":true}]}}