{"id":6500,"date":"2024-04-10T10:28:47","date_gmt":"2024-04-10T08:28:47","guid":{"rendered":"https:\/\/musees-valais-dev.ch\/unsere-sammlungen\/"},"modified":"2025-03-14T16:06:16","modified_gmt":"2025-03-14T15:06:16","slug":"unsere-sammlungen","status":"publish","type":"page","link":"https:\/\/musees-valais-dev.ch\/de\/unsere-sammlungen\/","title":{"rendered":"Unsere Sammlungen"},"content":{"rendered":"<p>[et_pb_section fb_built=&#8221;1&#8243; fullwidth=&#8221;on&#8221; _builder_version=&#8221;4.27.4&#8243; _module_preset=&#8221;default&#8221; global_colors_info=&#8221;{}&#8221;][et_pb_fullwidth_image src=&#8221;https:\/\/musees-valais-dev.ch\/wp-content\/uploads\/2025\/02\/Collections_Musees-cantonaux-du-Valais.png&#8221; title_text=&#8221;Collections_Mus\u00e9es cantonaux du Valais&#8221; src_tablet=&#8221;https:\/\/musees-valais-dev.ch\/wp-content\/uploads\/2025\/02\/Collections-mobile.jpg&#8221; src_phone=&#8221;https:\/\/musees-valais-dev.ch\/wp-content\/uploads\/2025\/02\/Collections-mobile.jpg&#8221; src_last_edited=&#8221;on|phone&#8221; admin_label=&#8221;Image en pleine largeur&#8221; _builder_version=&#8221;4.27.4&#8243; _module_preset=&#8221;default&#8221; global_colors_info=&#8221;{}&#8221;][\/et_pb_fullwidth_image][\/et_pb_section][et_pb_section fb_built=&#8221;1&#8243; _builder_version=&#8221;4.27.4&#8243; _module_preset=&#8221;default&#8221; global_colors_info=&#8221;{}&#8221;][et_pb_row _builder_version=&#8221;4.24.2&#8243; _module_preset=&#8221;default&#8221; global_colors_info=&#8221;{}&#8221;][et_pb_column type=&#8221;4_4&#8243; _builder_version=&#8221;4.24.2&#8243; _module_preset=&#8221;default&#8221; global_colors_info=&#8221;{}&#8221;][et_pb_text _builder_version=&#8221;4.27.4&#8243; _module_preset=&#8221;default&#8221; header_text_color=&#8221;#000000&#8243; header_2_font=&#8221;||||||||&#8221; global_colors_info=&#8221;{}&#8221;]<\/p>\n<h1>Unsere Sammlungen<\/h1>\n<p>[\/et_pb_text][\/et_pb_column][\/et_pb_row][\/et_pb_section][et_pb_section fb_built=&#8221;1&#8243; _builder_version=&#8221;4.27.4&#8243; _module_preset=&#8221;default&#8221; background_color=&#8221;#FFFFFF&#8221; global_colors_info=&#8221;{}&#8221;][et_pb_row column_structure=&#8221;2_5,3_5&#8243; _builder_version=&#8221;4.24.2&#8243; _module_preset=&#8221;default&#8221; global_colors_info=&#8221;{}&#8221;][et_pb_column type=&#8221;2_5&#8243; _builder_version=&#8221;4.24.2&#8243; _module_preset=&#8221;default&#8221; global_colors_info=&#8221;{}&#8221;][et_pb_text _builder_version=&#8221;4.27.4&#8243; _module_preset=&#8221;default&#8221; global_colors_info=&#8221;{}&#8221;]<\/p>\n<h2>Die Online-Sammlungen<\/h2>\n<p>[\/et_pb_text][\/et_pb_column][et_pb_column type=&#8221;3_5&#8243; _builder_version=&#8221;4.24.2&#8243; _module_preset=&#8221;default&#8221; global_colors_info=&#8221;{}&#8221;][et_pb_text disabled_on=&#8221;off|off|off&#8221; _builder_version=&#8221;4.27.4&#8243; _module_preset=&#8221;default&#8221; header_2_font=&#8221;|600|||||||&#8221; global_colors_info=&#8221;{}&#8221;]<\/p>\n<p><strong>Auf der Vallesiana genannten Plattform k\u00f6nnen die Sammlungen der Walliser Kantonsmuseen, der Mediathek Wallis und des Staatsarchivs Wallis online eingesehen werden.<\/strong><\/p>\n<p>Tausende von Objekten, Werken und Exemplaren sind in den Lagern der Walliser Kantonsmuseen konserviert, aber niemand kann sie sehen. Dank Vallesiana wird es m\u00f6glich, auf diese reiche Vielfalt zuzugreifen, denn die Inventarkarten aller kantonalen Sammlungen sind digital zug\u00e4nglich. Die Plattform wird st\u00e4ndig erweitert, sodass j\u00e4hrlich neue Daten hinzukommen.<\/p>\n<p>[\/et_pb_text][et_pb_button button_url=&#8221;https:\/\/www.vallesiana.ch\/kulturerbe\/homepage.html#!search&#8221; url_new_window=&#8221;on&#8221; button_text=&#8221;Ansehen&#8221; _builder_version=&#8221;4.27.4&#8243; _module_preset=&#8221;default&#8221; button_bg_color=&#8221;#363535&#8243; hover_enabled=&#8221;0&#8243; global_colors_info=&#8221;{}&#8221; sticky_enabled=&#8221;0&#8243;][\/et_pb_button][\/et_pb_column][\/et_pb_row][\/et_pb_section][et_pb_section fb_built=&#8221;1&#8243; _builder_version=&#8221;4.27.4&#8243; _module_preset=&#8221;default&#8221; background_color=&#8221;#EDEDED&#8221; global_colors_info=&#8221;{}&#8221;][et_pb_row column_structure=&#8221;2_5,3_5&#8243; _builder_version=&#8221;4.24.2&#8243; _module_preset=&#8221;default&#8221; global_colors_info=&#8221;{}&#8221;][et_pb_column type=&#8221;2_5&#8243; _builder_version=&#8221;4.24.2&#8243; _module_preset=&#8221;default&#8221; global_colors_info=&#8221;{}&#8221;][et_pb_text _builder_version=&#8221;4.27.4&#8243; _module_preset=&#8221;default&#8221; global_colors_info=&#8221;{}&#8221;]<\/p>\n<h2>Erforschen und bewahren<\/h2>\n<p>[\/et_pb_text][\/et_pb_column][et_pb_column type=&#8221;3_5&#8243; _builder_version=&#8221;4.24.2&#8243; _module_preset=&#8221;default&#8221; global_colors_info=&#8221;{}&#8221;][et_pb_text disabled_on=&#8221;off|off|off&#8221; _builder_version=&#8221;4.27.4&#8243; _module_preset=&#8221;default&#8221; header_2_font=&#8221;|600|||||||&#8221; hover_enabled=&#8221;0&#8243; global_colors_info=&#8221;{}&#8221; sticky_enabled=&#8221;0&#8243;]<\/p>\n<p><strong>Alle Best\u00e4nde der Kantonsmuseen unterstehen der Verantwortung der Sektion Sammlungen, welche deren Verwaltung und Konservierung gew\u00e4hrleistet.<\/strong><\/p>\n<p>Das Konservierungsteam gew\u00e4hrleistet die langfristige Konservierung der Sammlungen der Walliser Kantonsmuseen. Die Sammlungen umfassen Objekte verschiedenster Art, wie Gem\u00e4lde, M\u00f6bel, Textilien, arch\u00e4ologische Gegenst\u00e4nde und nat\u00fcrliche Exemplare. Diese bed\u00fcrfen besonderer Aufmerksamkeit, um die Zeit zu \u00fcberdauern.<\/p>\n<p>Vorbeugende Konservierungsmassnahmen sch\u00fctzen gegen Faktoren, die Ver\u00e4nderungen an den Objekten verursachen k\u00f6nnen, wie Schwankungen des Raumklimas oder mechanische Einwirkungen. Sie beugen Sch\u00e4digungen durch Licht, Insekten und Parasiten vor. Im Rahmen der Lagerverwaltung \u00fcberpr\u00fcft die Sektion Sammlungen ausserdem die optimalen Lagerbedingungen f\u00fcr die Objekte und kontrolliert regelm\u00e4ssig die Lagerr\u00e4ume.<\/p>\n<p>Die Sektion Sammlungen gibt bei Ausleihanfragen und Neuanschaffungen Vormeinungen ab, indem sie Zustandsprotokolle erstellt. Ausserdem bereitet sie die Objekte f\u00fcr Transporte vor und f\u00fcr die Einlagerung unter geeigneten Bedingungen. Sie organisiert auch die Objektlogistik im Zusammenhang mit Ausstellungen, wie den Transport oder die Ausr\u00fcstung mit einem geeigneten Sockel.<\/p>\n<p>Ein Fotostudio realisiert die fotografische Dokumentation der Objekte, welche die wissenschaftlichen und administrativen Angaben erg\u00e4nzt, die von den Inventarbeauftragten in jedem der drei Walliser Kantonsmuseen erarbeitet werden.<\/p>\n<p>Die Sammlungen des <a href=\"https:\/\/art.musees-valais-dev.ch\/de\/unsere-sammlungen\/\" target=\"_blank\" rel=\"noopener\">Kunstmuseums<\/a>, des <a href=\"https:\/\/histoire.musees-valais-dev.ch\/de\/unsere-sammlungen\/\" target=\"_blank\" rel=\"noopener\">Geschichtsmuseums <\/a>oder des <a href=\"https:\/\/nature.musees-valais-dev.ch\/de\/unsere-sammlungen\/\" target=\"_blank\" rel=\"noopener\">Naturmuseums <\/a>Wallis auf der entsprechenden Seite entdecken.<\/p>\n<p>[\/et_pb_text][\/et_pb_column][\/et_pb_row][\/et_pb_section]<\/p>\n","protected":false},"excerpt":{"rendered":"<p>Unsere SammlungenDie Online-SammlungenAuf der Vallesiana genannten Plattform k\u00f6nnen die Sammlungen der Walliser Kantonsmuseen, der Mediathek Wallis und des Staatsarchivs Wallis online eingesehen werden. Tausende von Objekten, Werken und Exemplaren sind in den Lagern der Walliser Kantonsmuseen konserviert, aber niemand kann sie sehen. Dank Vallesiana wird es m\u00f6glich, auf diese reiche Vielfalt zuzugreifen, denn die Inventarkarten [&hellip;]<\/p>\n","protected":false},"author":2,"featured_media":0,"parent":0,"menu_order":0,"comment_status":"closed","ping_status":"closed","template":"","meta":{"_acf_changed":false,"_et_pb_use_builder":"on","_et_pb_old_content":"","_et_gb_content_width":"","_crsspst_to_histoiremusees-valais-devch":false,"_crsspst_to_artmusees-valais-devch":false,"_crsspst_to_naturemusees-valais-devch":false,"footnotes":""},"class_list":["post-6500","page","type-page","status-publish","hentry"],"acf":[],"_links":{"self":[{"href":"https:\/\/musees-valais-dev.ch\/de\/wp-json\/wp\/v2\/pages\/6500","targetHints":{"allow":["GET"]}}],"collection":[{"href":"https:\/\/musees-valais-dev.ch\/de\/wp-json\/wp\/v2\/pages"}],"about":[{"href":"https:\/\/musees-valais-dev.ch\/de\/wp-json\/wp\/v2\/types\/page"}],"author":[{"embeddable":true,"href":"https:\/\/musees-valais-dev.ch\/de\/wp-json\/wp\/v2\/users\/2"}],"replies":[{"embeddable":true,"href":"https:\/\/musees-valais-dev.ch\/de\/wp-json\/wp\/v2\/comments?post=6500"}],"version-history":[{"count":5,"href":"https:\/\/musees-valais-dev.ch\/de\/wp-json\/wp\/v2\/pages\/6500\/revisions"}],"predecessor-version":[{"id":7253,"href":"https:\/\/musees-valais-dev.ch\/de\/wp-json\/wp\/v2\/pages\/6500\/revisions\/7253"}],"wp:attachment":[{"href":"https:\/\/musees-valais-dev.ch\/de\/wp-json\/wp\/v2\/media?parent=6500"}],"curies":[{"name":"wp","href":"https:\/\/api.w.org\/{rel}","templated":true}]}}