{"id":6426,"date":"2024-03-28T09:54:51","date_gmt":"2024-03-28T08:54:51","guid":{"rendered":"https:\/\/musees-valais-dev.ch\/ausstellungen\/"},"modified":"2025-03-14T15:27:14","modified_gmt":"2025-03-14T14:27:14","slug":"ausstellungen","status":"publish","type":"page","link":"https:\/\/musees-valais-dev.ch\/de\/ausstellungen\/","title":{"rendered":"Ausstellungen"},"content":{"rendered":"<p>[et_pb_section fb_built=&#8221;1&#8243; fullwidth=&#8221;on&#8221; _builder_version=&#8221;4.27.4&#8243; _module_preset=&#8221;default&#8221; global_colors_info=&#8221;{}&#8221;][et_pb_fullwidth_image src=&#8221;https:\/\/musees-valais-dev.ch\/wp-content\/uploads\/2025\/01\/Design-sans-titre-desktop.jpg&#8221; alt=&#8221;Licht auf die Werke. Untersuchung \u00fcber die Provenienz der Sammlung \u00a9 Walliser Kantonsmuseen, Sitten. Foto: Olivier Lovey  &#8221; src_tablet=&#8221;https:\/\/musees-valais-dev.ch\/wp-content\/uploads\/2025\/01\/Design-sans-titre-mobile.jpg&#8221; src_phone=&#8221;https:\/\/musees-valais-dev.ch\/wp-content\/uploads\/2025\/01\/Design-sans-titre-mobile.jpg&#8221; src_last_edited=&#8221;on|phone&#8221; _builder_version=&#8221;4.27.4&#8243; _module_preset=&#8221;default&#8221; global_colors_info=&#8221;{}&#8221;][\/et_pb_fullwidth_image][\/et_pb_section][et_pb_section fb_built=&#8221;1&#8243; _builder_version=&#8221;4.27.2&#8243; _module_preset=&#8221;default&#8221; background_enable_color=&#8221;off&#8221; global_colors_info=&#8221;{}&#8221;][et_pb_row _builder_version=&#8221;4.27.4&#8243; _module_preset=&#8221;default&#8221; global_colors_info=&#8221;{}&#8221;][et_pb_column type=&#8221;4_4&#8243; _builder_version=&#8221;4.27.4&#8243; _module_preset=&#8221;default&#8221; global_colors_info=&#8221;{}&#8221;][et_pb_text _builder_version=&#8221;4.27.4&#8243; _module_preset=&#8221;default&#8221; header_2_font_size=&#8221;72px&#8221; header_2_font_size_tablet=&#8221;50px&#8221; header_2_font_size_phone=&#8221;36px&#8221; global_colors_info=&#8221;{}&#8221;]<\/p>\n<h2>Laufende Ausstellungen<\/h2>\n<p>[\/et_pb_text][\/et_pb_column][\/et_pb_row][\/et_pb_section][et_pb_section fb_built=&#8221;1&#8243; module_id=&#8221;en-ce-moment&#8221; _builder_version=&#8221;4.27.4&#8243; _module_preset=&#8221;default&#8221; global_colors_info=&#8221;{}&#8221;][et_pb_row _builder_version=&#8221;4.27.4&#8243; _module_preset=&#8221;default&#8221; width=&#8221;93%&#8221; width_tablet=&#8221;95%&#8221; width_phone=&#8221;98%&#8221; width_last_edited=&#8221;on|phone&#8221; global_colors_info=&#8221;{}&#8221;][et_pb_column type=&#8221;4_4&#8243; _builder_version=&#8221;4.24.2&#8243; _module_preset=&#8221;default&#8221; global_colors_info=&#8221;{}&#8221;][et_pb_de_mach_archive_loop post_type_choose=&#8221;exposition-art,exposition-nature,exposition-histoire&#8221; loop_layout=&#8221;6742&#8243; no_posts_layout_text=&#8221;D\u00e9sol\u00e9, il n&#8217;y a rien dans cette cat\u00e9gorie&#8221; acf_name=&#8221;field_6720a3b8cbc51&#8243; acf_value=&#8221;En ce moment&#8221; order_asc_desc=&#8221;DESC&#8221; enable_loadmore=&#8221;infinite&#8221; equal_height=&#8221;on&#8221; columns=&#8221;3&#8243; date_format=&#8221;j  F Y&#8221; _builder_version=&#8221;4.27.4&#8243; _module_preset=&#8221;default&#8221; global_colors_info=&#8221;{}&#8221;][\/et_pb_de_mach_archive_loop][\/et_pb_column][\/et_pb_row][\/et_pb_section][et_pb_section fb_built=&#8221;1&#8243; _builder_version=&#8221;4.27.4&#8243; _module_preset=&#8221;default&#8221; global_colors_info=&#8221;{}&#8221;][et_pb_row _builder_version=&#8221;4.27.4&#8243; _module_preset=&#8221;default&#8221; custom_padding=&#8221;0px||0px||false|false&#8221; global_colors_info=&#8221;{}&#8221;][et_pb_column type=&#8221;4_4&#8243; _builder_version=&#8221;4.27.4&#8243; _module_preset=&#8221;default&#8221; global_colors_info=&#8221;{}&#8221;][et_pb_text _builder_version=&#8221;4.27.4&#8243; _module_preset=&#8221;default&#8221; global_colors_info=&#8221;{}&#8221;]<\/p>\n<h2>Bevorstehende Ausstellungen<\/h2>\n<p>[\/et_pb_text][\/et_pb_column][\/et_pb_row][\/et_pb_section][et_pb_section fb_built=&#8221;1&#8243; _builder_version=&#8221;4.27.4&#8243; _module_preset=&#8221;default&#8221; global_colors_info=&#8221;{}&#8221;][et_pb_row _builder_version=&#8221;4.27.4&#8243; _module_preset=&#8221;default&#8221; width=&#8221;93%&#8221; width_tablet=&#8221;95%&#8221; width_phone=&#8221;98%&#8221; width_last_edited=&#8221;on|desktop&#8221; global_colors_info=&#8221;{}&#8221;][et_pb_column type=&#8221;4_4&#8243; _builder_version=&#8221;4.27.4&#8243; _module_preset=&#8221;default&#8221; global_colors_info=&#8221;{}&#8221;][et_pb_de_mach_archive_loop post_type_choose=&#8221;exposition-art,exposition-nature,exposition-histoire&#8221; loop_layout=&#8221;6742&#8243; no_posts_layout_text=&#8221;D\u00e9sol\u00e9, il n&#8217;y a rien dans cette cat\u00e9gorie&#8221; acf_name=&#8221;field_6720a3b8cbc51&#8243; acf_value=&#8221;\u00c0 venir&#8221; order_asc_desc=&#8221;DESC&#8221; enable_loadmore=&#8221;infinite&#8221; equal_height=&#8221;on&#8221; columns=&#8221;3&#8243; date_format=&#8221;j F Y&#8221; _builder_version=&#8221;4.27.4&#8243; _module_preset=&#8221;default&#8221; global_colors_info=&#8221;{}&#8221;][\/et_pb_de_mach_archive_loop][\/et_pb_column][\/et_pb_row][\/et_pb_section][et_pb_section fb_built=&#8221;1&#8243; _builder_version=&#8221;4.27.4&#8243; _module_preset=&#8221;default&#8221; global_colors_info=&#8221;{}&#8221;][et_pb_row _builder_version=&#8221;4.27.4&#8243; _module_preset=&#8221;default&#8221; global_colors_info=&#8221;{}&#8221;][et_pb_column type=&#8221;4_4&#8243; _builder_version=&#8221;4.27.4&#8243; _module_preset=&#8221;default&#8221; global_colors_info=&#8221;{}&#8221;][et_pb_button button_text=&#8221;Vergangene Ausstellungen&#8221; module_class=&#8221;rv_button_2 rv_button_closed&#8221; _builder_version=&#8221;4.27.4&#8243; _module_preset=&#8221;21015a50-e227-44d8-9129-cb4c19b9210b&#8221; button_icon=&#8221;&#x33;||divi||400&#8243; hover_enabled=&#8221;0&#8243; global_colors_info=&#8221;{}&#8221; sticky_enabled=&#8221;0&#8243; disabled_on=&#8221;on|on|on&#8221; disabled=&#8221;on&#8221;][\/et_pb_button][et_pb_code _builder_version=&#8221;4.27.4&#8243; _module_preset=&#8221;default&#8221; global_colors_info=&#8221;{}&#8221;]<\/p>\n<style><!-- [et_pb_line_break_holder] -->body:not(.et-fb) .rv_element { display: none; }<!-- [et_pb_line_break_holder] -->.et_pb_button.rv_button_opened:after { content:\"\" !important; }<!-- [et_pb_line_break_holder] -->.et_pb_button.rv_button_closed:after { content:\"\"; }<!-- [et_pb_line_break_holder] --><\/style>\n<p><!-- [et_pb_line_break_holder] -->[\/et_pb_code][et_pb_code _builder_version=&#8221;4.27.4&#8243; _module_preset=&#8221;default&#8221; global_colors_info=&#8221;{}&#8221;]<script><!-- [et_pb_line_break_holder] -->jQuery(function($){<!-- [et_pb_line_break_holder] -->\tvar revealButtons = {<!-- [et_pb_line_break_holder] -->\t\t'.rv_button_2': '.rv_element_2'<!-- [et_pb_line_break_holder] -->\t};<!-- [et_pb_line_break_holder] -->\t$.each(revealButtons, function(revealButton, revealElement) {<!-- [et_pb_line_break_holder] -->\t\t$(revealButton).click(function(e){<!-- [et_pb_line_break_holder] -->\t\t\te.preventDefault();<!-- [et_pb_line_break_holder] -->\t\t\t$(revealElement).slideToggle();<!-- [et_pb_line_break_holder] -->\t\t\t$(revealButton).toggleClass('rv_button_opened rv_button_closed');<!-- [et_pb_line_break_holder] -->\t\t});<!-- [et_pb_line_break_holder] -->\t});<!-- [et_pb_line_break_holder] -->});<!-- [et_pb_line_break_holder] --><\/script><!-- [et_pb_line_break_holder] -->[\/et_pb_code][\/et_pb_column][\/et_pb_row][\/et_pb_section][et_pb_section fb_built=&#8221;1&#8243; module_class=&#8221;rv_element rv_element_2&#8243; _builder_version=&#8221;4.27.4&#8243; _module_preset=&#8221;default&#8221; global_colors_info=&#8221;{}&#8221;][et_pb_row _builder_version=&#8221;4.27.4&#8243; _module_preset=&#8221;default&#8221; width=&#8221;93%&#8221; width_tablet=&#8221;95%&#8221; width_phone=&#8221;98%&#8221; width_last_edited=&#8221;on|phone&#8221; global_colors_info=&#8221;{}&#8221;][et_pb_column type=&#8221;4_4&#8243; _builder_version=&#8221;4.27.4&#8243; _module_preset=&#8221;default&#8221; global_colors_info=&#8221;{}&#8221;][et_pb_de_mach_archive_loop post_type_choose=&#8221;exposition-art,exposition-nature,exposition-histoire&#8221; loop_layout=&#8221;6742&#8243; no_posts_layout_text=&#8221;D\u00e9sol\u00e9, il n&#8217;y a rien dans cette cat\u00e9gorie&#8221; acf_name=&#8221;field_6720a3b8cbc51&#8243; acf_value=&#8221;Pass\u00e9e&#8221; order_asc_desc=&#8221;DESC&#8221; enable_loadmore=&#8221;infinite&#8221; equal_height=&#8221;on&#8221; columns=&#8221;3&#8243; date_format=&#8221;j F Y&#8221; _builder_version=&#8221;4.27.4&#8243; _module_preset=&#8221;default&#8221; global_colors_info=&#8221;{}&#8221;][\/et_pb_de_mach_archive_loop][\/et_pb_column][\/et_pb_row][\/et_pb_section]<\/p>\n","protected":false},"excerpt":{"rendered":"<p>Laufende AusstellungenBevorstehende Ausstellungen<\/p>\n","protected":false},"author":2,"featured_media":0,"parent":0,"menu_order":0,"comment_status":"closed","ping_status":"closed","template":"","meta":{"_acf_changed":false,"_et_pb_use_builder":"on","_et_pb_old_content":"","_et_gb_content_width":"","_crsspst_to_histoiremusees-valais-devch":false,"_crsspst_to_artmusees-valais-devch":false,"_crsspst_to_naturemusees-valais-devch":false,"footnotes":""},"class_list":["post-6426","page","type-page","status-publish","hentry"],"acf":[],"_links":{"self":[{"href":"https:\/\/musees-valais-dev.ch\/de\/wp-json\/wp\/v2\/pages\/6426","targetHints":{"allow":["GET"]}}],"collection":[{"href":"https:\/\/musees-valais-dev.ch\/de\/wp-json\/wp\/v2\/pages"}],"about":[{"href":"https:\/\/musees-valais-dev.ch\/de\/wp-json\/wp\/v2\/types\/page"}],"author":[{"embeddable":true,"href":"https:\/\/musees-valais-dev.ch\/de\/wp-json\/wp\/v2\/users\/2"}],"replies":[{"embeddable":true,"href":"https:\/\/musees-valais-dev.ch\/de\/wp-json\/wp\/v2\/comments?post=6426"}],"version-history":[{"count":4,"href":"https:\/\/musees-valais-dev.ch\/de\/wp-json\/wp\/v2\/pages\/6426\/revisions"}],"predecessor-version":[{"id":7236,"href":"https:\/\/musees-valais-dev.ch\/de\/wp-json\/wp\/v2\/pages\/6426\/revisions\/7236"}],"wp:attachment":[{"href":"https:\/\/musees-valais-dev.ch\/de\/wp-json\/wp\/v2\/media?parent=6426"}],"curies":[{"name":"wp","href":"https:\/\/api.w.org\/{rel}","templated":true}]}}