{"id":6422,"date":"2024-10-17T14:53:45","date_gmt":"2024-10-17T12:53:45","guid":{"rendered":"https:\/\/musees-valais-dev.ch\/veranstaltungen\/"},"modified":"2025-03-07T15:58:50","modified_gmt":"2025-03-07T14:58:50","slug":"veranstaltungen","status":"publish","type":"page","link":"https:\/\/musees-valais-dev.ch\/de\/veranstaltungen\/","title":{"rendered":"Veranstaltungen"},"content":{"rendered":"<p>[et_pb_section fb_built=&#8221;1&#8243; _builder_version=&#8221;4.27.4&#8243; _module_preset=&#8221;default&#8221; background_enable_color=&#8221;off&#8221; global_colors_info=&#8221;{}&#8221;][et_pb_row _builder_version=&#8221;4.27.0&#8243; _module_preset=&#8221;default&#8221; global_colors_info=&#8221;{}&#8221;][et_pb_column type=&#8221;4_4&#8243; _builder_version=&#8221;4.27.0&#8243; _module_preset=&#8221;default&#8221; global_colors_info=&#8221;{}&#8221;][et_pb_text _builder_version=&#8221;4.27.4&#8243; _module_preset=&#8221;default&#8221; header_text_color=&#8221;#000000&#8243; global_colors_info=&#8221;{}&#8221;]<\/p>\n<h1>Veranstaltungen<\/h1>\n<p>[\/et_pb_text][\/et_pb_column][\/et_pb_row][\/et_pb_section][et_pb_section fb_built=&#8221;1&#8243; _builder_version=&#8221;4.27.4&#8243; _module_preset=&#8221;default&#8221; global_colors_info=&#8221;{}&#8221;][et_pb_row _builder_version=&#8221;4.27.4&#8243; _module_preset=&#8221;default&#8221; width=&#8221;93%&#8221; width_tablet=&#8221;95%&#8221; width_phone=&#8221;98%&#8221; width_last_edited=&#8221;on|phone&#8221; global_colors_info=&#8221;{}&#8221;][et_pb_column type=&#8221;4_4&#8243; _builder_version=&#8221;4.27.4&#8243; _module_preset=&#8221;default&#8221; global_colors_info=&#8221;{}&#8221;][et_pb_de_mach_archive_loop post_type_choose=&#8221;agenda&#8221; loop_layout=&#8221;6682&#8243; no_posts_layout_text=&#8221;D\u00e9sol\u00e9, il n&#8217;y a rien dans cette cat\u00e9gorie&#8221; enable_loadmore=&#8221;infinite&#8221; equal_height=&#8221;on&#8221; columns=&#8221;3&#8243; _builder_version=&#8221;4.27.4&#8243; _module_preset=&#8221;default&#8221; hover_enabled=&#8221;0&#8243; global_colors_info=&#8221;{}&#8221; order_asc_desc=&#8221;DESC&#8221; sticky_enabled=&#8221;0&#8243;][\/et_pb_de_mach_archive_loop][\/et_pb_column][\/et_pb_row][\/et_pb_section]<\/p>\n","protected":false},"excerpt":{"rendered":"<p>Veranstaltungen<\/p>\n","protected":false},"author":2,"featured_media":0,"parent":0,"menu_order":0,"comment_status":"closed","ping_status":"closed","template":"","meta":{"_acf_changed":false,"_et_pb_use_builder":"on","_et_pb_old_content":"","_et_gb_content_width":"","_crsspst_to_histoiremusees-valais-devch":false,"_crsspst_to_artmusees-valais-devch":false,"_crsspst_to_naturemusees-valais-devch":false,"footnotes":""},"class_list":["post-6422","page","type-page","status-publish","hentry"],"acf":[],"_links":{"self":[{"href":"https:\/\/musees-valais-dev.ch\/de\/wp-json\/wp\/v2\/pages\/6422","targetHints":{"allow":["GET"]}}],"collection":[{"href":"https:\/\/musees-valais-dev.ch\/de\/wp-json\/wp\/v2\/pages"}],"about":[{"href":"https:\/\/musees-valais-dev.ch\/de\/wp-json\/wp\/v2\/types\/page"}],"author":[{"embeddable":true,"href":"https:\/\/musees-valais-dev.ch\/de\/wp-json\/wp\/v2\/users\/2"}],"replies":[{"embeddable":true,"href":"https:\/\/musees-valais-dev.ch\/de\/wp-json\/wp\/v2\/comments?post=6422"}],"version-history":[{"count":4,"href":"https:\/\/musees-valais-dev.ch\/de\/wp-json\/wp\/v2\/pages\/6422\/revisions"}],"predecessor-version":[{"id":6818,"href":"https:\/\/musees-valais-dev.ch\/de\/wp-json\/wp\/v2\/pages\/6422\/revisions\/6818"}],"wp:attachment":[{"href":"https:\/\/musees-valais-dev.ch\/de\/wp-json\/wp\/v2\/media?parent=6422"}],"curies":[{"name":"wp","href":"https:\/\/api.w.org\/{rel}","templated":true}]}}